{"id":13,"date":"2025-08-24T14:48:14","date_gmt":"2025-08-24T14:48:14","guid":{"rendered":"https:\/\/ljspot.com.br\/delivery\/?page_id=13"},"modified":"2025-08-30T13:10:31","modified_gmt":"2025-08-30T13:10:31","slug":"cardapio","status":"publish","type":"page","link":"https:\/\/ljspot.com.br\/delivery\/cardapio\/","title":{"rendered":"Card\u00e1pio"},"content":{"rendered":"\t\t<div data-elementor-type=\"wp-page\" data-elementor-id=\"13\" class=\"elementor elementor-13\" data-elementor-post-type=\"page\">\n\t\t\t\t<div class=\"elementor-element elementor-element-c37b9e0 e-flex e-con-boxed e-con e-parent\" data-id=\"c37b9e0\" data-element_type=\"container\" data-settings=\"{&quot;background_background&quot;:&quot;gradient&quot;}\">\n\t\t\t\t\t<div class=\"e-con-inner\">\n\t\t\t\t<div class=\"elementor-element elementor-element-457490e elementor-widget elementor-widget-heading\" data-id=\"457490e\" data-element_type=\"widget\" data-widget_type=\"heading.default\">\n\t\t\t\t\t<p class=\"elementor-heading-title elementor-size-default\">#Pe\u00e7a Agora<\/p>\t\t\t\t<\/div>\n\t\t\t\t<div class=\"elementor-element elementor-element-db824f8 elementor-widget elementor-widget-heading\" data-id=\"db824f8\" data-element_type=\"widget\" data-widget_type=\"heading.default\">\n\t\t\t\t\t<h1 class=\"elementor-heading-title elementor-size-default\">Clique no bot\u00e3o e veja o card\u00e1pio<\/h1>\t\t\t\t<\/div>\n\t\t\t\t<div class=\"elementor-element elementor-element-1b3597d elementor-align-center elementor-widget elementor-widget-glf_elementor_widget_ordering\" data-id=\"1b3597d\" data-element_type=\"widget\" data-widget_type=\"glf_elementor_widget_ordering.default\">\n\t\t\t\t<div class=\"elementor-widget-container\">\n\t\t\t\t\t            <div class=\"elementor-button-wrapper\">\n\t\t\t<a class=\"elementor-button elementor-glf-button elementor-size-sm\" role=\"button\" data-glf-cuid=\"\" data-glf-ruid=\"c2f6ea60-6685-471d-9cb2-5dcabdfca19f\" >\n                                 <span class=\"elementor-button-content-wrapper\">\n\t\t\t\t\t\t<span class=\"elementor-button-text\">VER CARD\u00c1PIO<\/span>\n\t\t<\/span>\n                                            <script src=\"https:\/\/www.fbgcdn.com\/embedder\/js\/ewm2.js\" defer async><\/script>\n\t\t\t<\/a>\n\t\t<\/div>\n            \t\t\t\t<\/div>\n\t\t\t\t<\/div>\n\t\t\t\t\t<\/div>\n\t\t\t\t<\/div>\n\t\t\t\t<\/div>\n\t\t","protected":false},"excerpt":{"rendered":"<p>#Pe\u00e7a Agora Clique no bot\u00e3o e veja o card\u00e1pio VER CARD\u00c1PIO<\/p>\n","protected":false},"author":1,"featured_media":0,"parent":0,"menu_order":0,"comment_status":"closed","ping_status":"closed","template":"elementor_header_footer","meta":{"footnotes":""},"class_list":["post-13","page","type-page","status-publish","hentry"],"_links":{"self":[{"href":"https:\/\/ljspot.com.br\/delivery\/wp-json\/wp\/v2\/pages\/13","targetHints":{"allow":["GET"]}}],"collection":[{"href":"https:\/\/ljspot.com.br\/delivery\/wp-json\/wp\/v2\/pages"}],"about":[{"href":"https:\/\/ljspot.com.br\/delivery\/wp-json\/wp\/v2\/types\/page"}],"author":[{"embeddable":true,"href":"https:\/\/ljspot.com.br\/delivery\/wp-json\/wp\/v2\/users\/1"}],"replies":[{"embeddable":true,"href":"https:\/\/ljspot.com.br\/delivery\/wp-json\/wp\/v2\/comments?post=13"}],"version-history":[{"count":13,"href":"https:\/\/ljspot.com.br\/delivery\/wp-json\/wp\/v2\/pages\/13\/revisions"}],"predecessor-version":[{"id":184,"href":"https:\/\/ljspot.com.br\/delivery\/wp-json\/wp\/v2\/pages\/13\/revisions\/184"}],"wp:attachment":[{"href":"https:\/\/ljspot.com.br\/delivery\/wp-json\/wp\/v2\/media?parent=13"}],"curies":[{"name":"wp","href":"https:\/\/api.w.org\/{rel}","templated":true}]}}