{"id":1117,"date":"2025-10-11T16:38:11","date_gmt":"2025-10-11T19:38:11","guid":{"rendered":"https:\/\/ljspot.com.br\/swimming\/?page_id=1117"},"modified":"2025-10-11T17:16:24","modified_gmt":"2025-10-11T20:16:24","slug":"lojinha","status":"publish","type":"page","link":"https:\/\/ljspot.com.br\/swimming\/lojinha\/","title":{"rendered":"Loja"},"content":{"rendered":"\t\t<div data-elementor-type=\"wp-page\" data-elementor-id=\"1117\" class=\"elementor elementor-1117\" data-elementor-post-type=\"page\">\n\t\t\t\t<div class=\"elementor-element elementor-element-0b90db8 e-flex e-con-boxed e-con e-parent\" data-id=\"0b90db8\" data-element_type=\"container\" data-e-type=\"container\">\n\t\t\t\t\t<div class=\"e-con-inner\">\n\t\t\t\t<div class=\"elementor-element elementor-element-cfe45ff elementor-grid-4 elementor-grid-tablet-3 elementor-grid-mobile-2 elementor-products-grid elementor-wc-products elementor-widget elementor-widget-woocommerce-products\" data-id=\"cfe45ff\" data-element_type=\"widget\" data-e-type=\"widget\" data-widget_type=\"woocommerce-products.default\">\n\t\t\t\t<div class=\"elementor-widget-container\">\n\t\t\t\t\t<div class=\"woocommerce columns-4 \"><ul class=\"products elementor-grid columns-4\">\n<li class=\"product type-product post-1099 status-publish first instock product_cat-produtos-loja has-post-thumbnail taxable shipping-taxable purchasable product-type-variable\">\n\t<a href=\"https:\/\/ljspot.com.br\/swimming\/produto\/touca-natacao-adelaide-club-2\/\" class=\"woocommerce-LoopProduct-link woocommerce-loop-product__link\"><img fetchpriority=\"high\" decoding=\"async\" width=\"300\" height=\"300\" src=\"https:\/\/ljspot.com.br\/swimming\/wp-content\/uploads\/2025\/10\/1-300x300.png\" class=\"attachment-woocommerce_thumbnail size-woocommerce_thumbnail\" alt=\"Touca Nata\u00e7\u00e3o Adelaide Club\" srcset=\"https:\/\/ljspot.com.br\/swimming\/wp-content\/uploads\/2025\/10\/1-300x300.png 300w, https:\/\/ljspot.com.br\/swimming\/wp-content\/uploads\/2025\/10\/1-150x150.png 150w, https:\/\/ljspot.com.br\/swimming\/wp-content\/uploads\/2025\/10\/1-100x100.png 100w, https:\/\/ljspot.com.br\/swimming\/wp-content\/uploads\/2025\/10\/1.png 500w\" sizes=\"(max-width: 300px) 100vw, 300px\" \/><h2 class=\"woocommerce-loop-product__title\">Touca Nata\u00e7\u00e3o Adelaide Club<\/h2>\n\t<span class=\"price\"><span class=\"woocommerce-Price-amount amount\"><bdi><span class=\"woocommerce-Price-currencySymbol\">&#82;&#36;<\/span>&nbsp;25,00<\/bdi><\/span><\/span>\n<\/a><div class=\"woocommerce-loop-product__buttons\"><a href=\"https:\/\/ljspot.com.br\/swimming\/produto\/touca-natacao-adelaide-club-2\/\" aria-describedby=\"woocommerce_loop_add_to_cart_link_describedby_1099\" data-quantity=\"1\" class=\"button product_type_variable add_to_cart_button\" data-product_id=\"1099\" data-product_sku=\"T-01\" aria-label=\"Selecione as op\u00e7\u00f5es para &ldquo;Touca Nata\u00e7\u00e3o Adelaide Club&rdquo;\" rel=\"nofollow\">Ver op\u00e7\u00f5es<\/a><\/div>\t<span id=\"woocommerce_loop_add_to_cart_link_describedby_1099\" class=\"screen-reader-text\">\n\t\tEste produto tem v\u00e1rias variantes. As op\u00e7\u00f5es podem ser escolhidas na p\u00e1gina do produto\t<\/span>\n<\/li>\n<li class=\"product type-product post-1113 status-publish instock product_cat-produtos-loja has-post-thumbnail taxable shipping-taxable purchasable product-type-simple\">\n\t<a href=\"https:\/\/ljspot.com.br\/swimming\/produto\/oculos-natacao-adelaide-club\/\" class=\"woocommerce-LoopProduct-link woocommerce-loop-product__link\"><img decoding=\"async\" width=\"300\" height=\"300\" src=\"https:\/\/ljspot.com.br\/swimming\/wp-content\/uploads\/2025\/10\/1-2-300x300.png\" class=\"attachment-woocommerce_thumbnail size-woocommerce_thumbnail\" alt=\"\u00d3culos Nata\u00e7\u00e3o Adelaide Club\" srcset=\"https:\/\/ljspot.com.br\/swimming\/wp-content\/uploads\/2025\/10\/1-2-300x300.png 300w, https:\/\/ljspot.com.br\/swimming\/wp-content\/uploads\/2025\/10\/1-2-150x150.png 150w, https:\/\/ljspot.com.br\/swimming\/wp-content\/uploads\/2025\/10\/1-2-100x100.png 100w, https:\/\/ljspot.com.br\/swimming\/wp-content\/uploads\/2025\/10\/1-2.png 500w\" sizes=\"(max-width: 300px) 100vw, 300px\" \/><h2 class=\"woocommerce-loop-product__title\">\u00d3culos Nata\u00e7\u00e3o Adelaide Club<\/h2>\n\t<span class=\"price\"><span class=\"woocommerce-Price-amount amount\"><bdi><span class=\"woocommerce-Price-currencySymbol\">&#82;&#36;<\/span>&nbsp;50,00<\/bdi><\/span><\/span>\n<\/a><div class=\"woocommerce-loop-product__buttons\"><a href=\"\/swimming\/wp-json\/wp\/v2\/pages\/1117?add-to-cart=1113\" aria-describedby=\"woocommerce_loop_add_to_cart_link_describedby_1113\" data-quantity=\"1\" class=\"button product_type_simple add_to_cart_button ajax_add_to_cart\" data-product_id=\"1113\" data-product_sku=\"O1-U\" aria-label=\"Adicione ao carrinho: &ldquo;\u00d3culos Nata\u00e7\u00e3o Adelaide Club&rdquo;\" rel=\"nofollow\" data-success_message=\"\u201c\u00d3culos Nata\u00e7\u00e3o Adelaide Club\u201d foi adicionado ao seu carrinho\" role=\"button\">Adicionar ao carrinho<\/a><\/div>\t<span id=\"woocommerce_loop_add_to_cart_link_describedby_1113\" class=\"screen-reader-text\">\n\t\t\t<\/span>\n<\/li>\n<li class=\"product type-product post-1102 status-publish instock product_cat-produtos-loja has-post-thumbnail taxable shipping-taxable purchasable product-type-variable\">\n\t<a href=\"https:\/\/ljspot.com.br\/swimming\/produto\/blusa-adelaide-swimming-club\/\" class=\"woocommerce-LoopProduct-link woocommerce-loop-product__link\"><img decoding=\"async\" width=\"300\" height=\"300\" src=\"https:\/\/ljspot.com.br\/swimming\/wp-content\/uploads\/2025\/10\/1-1-300x300.png\" class=\"attachment-woocommerce_thumbnail size-woocommerce_thumbnail\" alt=\"Blusa Adelaide Swimming Club\" srcset=\"https:\/\/ljspot.com.br\/swimming\/wp-content\/uploads\/2025\/10\/1-1-300x300.png 300w, https:\/\/ljspot.com.br\/swimming\/wp-content\/uploads\/2025\/10\/1-1-150x150.png 150w, https:\/\/ljspot.com.br\/swimming\/wp-content\/uploads\/2025\/10\/1-1-100x100.png 100w, https:\/\/ljspot.com.br\/swimming\/wp-content\/uploads\/2025\/10\/1-1.png 500w\" sizes=\"(max-width: 300px) 100vw, 300px\" \/><h2 class=\"woocommerce-loop-product__title\">Blusa Adelaide Swimming Club<\/h2>\n\t<span class=\"price\"><span class=\"woocommerce-Price-amount amount\"><bdi><span class=\"woocommerce-Price-currencySymbol\">&#82;&#36;<\/span>&nbsp;45,00<\/bdi><\/span><\/span>\n<\/a><div class=\"woocommerce-loop-product__buttons\"><a href=\"https:\/\/ljspot.com.br\/swimming\/produto\/blusa-adelaide-swimming-club\/\" aria-describedby=\"woocommerce_loop_add_to_cart_link_describedby_1102\" data-quantity=\"1\" class=\"button product_type_variable add_to_cart_button\" data-product_id=\"1102\" data-product_sku=\"60\" aria-label=\"Selecione as op\u00e7\u00f5es para &ldquo;Blusa Adelaide Swimming Club&rdquo;\" rel=\"nofollow\">Ver op\u00e7\u00f5es<\/a><\/div>\t<span id=\"woocommerce_loop_add_to_cart_link_describedby_1102\" class=\"screen-reader-text\">\n\t\tEste produto tem v\u00e1rias variantes. As op\u00e7\u00f5es podem ser escolhidas na p\u00e1gina do produto\t<\/span>\n<\/li>\n<li class=\"product type-product post-1184 status-publish last instock product_cat-produtos-loja has-post-thumbnail taxable shipping-taxable purchasable product-type-variable\">\n\t<a href=\"https:\/\/ljspot.com.br\/swimming\/produto\/blusa-adelaide-swimming-club-2\/\" class=\"woocommerce-LoopProduct-link woocommerce-loop-product__link\"><img loading=\"lazy\" decoding=\"async\" width=\"300\" height=\"300\" src=\"https:\/\/ljspot.com.br\/swimming\/wp-content\/uploads\/2025\/10\/1-3-300x300.png\" class=\"attachment-woocommerce_thumbnail size-woocommerce_thumbnail\" alt=\"Blusa Adelaide Swimming Club\" srcset=\"https:\/\/ljspot.com.br\/swimming\/wp-content\/uploads\/2025\/10\/1-3-300x300.png 300w, https:\/\/ljspot.com.br\/swimming\/wp-content\/uploads\/2025\/10\/1-3-150x150.png 150w, https:\/\/ljspot.com.br\/swimming\/wp-content\/uploads\/2025\/10\/1-3-100x100.png 100w, https:\/\/ljspot.com.br\/swimming\/wp-content\/uploads\/2025\/10\/1-3.png 500w\" sizes=\"(max-width: 300px) 100vw, 300px\" \/><h2 class=\"woocommerce-loop-product__title\">Blusa Adelaide Swimming Club<\/h2>\n\t<span class=\"price\"><span class=\"woocommerce-Price-amount amount\"><bdi><span class=\"woocommerce-Price-currencySymbol\">&#82;&#36;<\/span>&nbsp;85,00<\/bdi><\/span><\/span>\n<\/a><div class=\"woocommerce-loop-product__buttons\"><a href=\"https:\/\/ljspot.com.br\/swimming\/produto\/blusa-adelaide-swimming-club-2\/\" aria-describedby=\"woocommerce_loop_add_to_cart_link_describedby_1184\" data-quantity=\"1\" class=\"button product_type_variable add_to_cart_button\" data-product_id=\"1184\" data-product_sku=\"B0-1\" aria-label=\"Selecione as op\u00e7\u00f5es para &ldquo;Blusa Adelaide Swimming Club&rdquo;\" rel=\"nofollow\">Ver op\u00e7\u00f5es<\/a><\/div>\t<span id=\"woocommerce_loop_add_to_cart_link_describedby_1184\" class=\"screen-reader-text\">\n\t\tEste produto tem v\u00e1rias variantes. As op\u00e7\u00f5es podem ser escolhidas na p\u00e1gina do produto\t<\/span>\n<\/li>\n<\/ul>\n<\/div>\t\t\t\t<\/div>\n\t\t\t\t<\/div>\n\t\t\t\t\t<\/div>\n\t\t\t\t<\/div>\n\t\t\t\t<\/div>\n\t\t","protected":false},"excerpt":{"rendered":"","protected":false},"author":14,"featured_media":0,"parent":0,"menu_order":0,"comment_status":"closed","ping_status":"closed","template":"elementor_header_footer","meta":{"inline_featured_image":false,"footnotes":""},"folder":[],"class_list":["post-1117","page","type-page","status-publish","hentry"],"_links":{"self":[{"href":"https:\/\/ljspot.com.br\/swimming\/wp-json\/wp\/v2\/pages\/1117","targetHints":{"allow":["GET"]}}],"collection":[{"href":"https:\/\/ljspot.com.br\/swimming\/wp-json\/wp\/v2\/pages"}],"about":[{"href":"https:\/\/ljspot.com.br\/swimming\/wp-json\/wp\/v2\/types\/page"}],"author":[{"embeddable":true,"href":"https:\/\/ljspot.com.br\/swimming\/wp-json\/wp\/v2\/users\/14"}],"replies":[{"embeddable":true,"href":"https:\/\/ljspot.com.br\/swimming\/wp-json\/wp\/v2\/comments?post=1117"}],"version-history":[{"count":11,"href":"https:\/\/ljspot.com.br\/swimming\/wp-json\/wp\/v2\/pages\/1117\/revisions"}],"predecessor-version":[{"id":1130,"href":"https:\/\/ljspot.com.br\/swimming\/wp-json\/wp\/v2\/pages\/1117\/revisions\/1130"}],"wp:attachment":[{"href":"https:\/\/ljspot.com.br\/swimming\/wp-json\/wp\/v2\/media?parent=1117"}],"wp:term":[{"taxonomy":"folder","embeddable":true,"href":"https:\/\/ljspot.com.br\/swimming\/wp-json\/wp\/v2\/folder?post=1117"}],"curies":[{"name":"wp","href":"https:\/\/api.w.org\/{rel}","templated":true}]}}