{"id":1099,"date":"2025-10-11T15:37:21","date_gmt":"2025-10-11T18:37:21","guid":{"rendered":"https:\/\/ljspot.com.br\/swimming\/?post_type=product&#038;p=1099"},"modified":"2025-10-11T15:37:21","modified_gmt":"2025-10-11T18:37:21","slug":"touca-natacao-adelaide-club-2","status":"publish","type":"product","link":"https:\/\/ljspot.com.br\/swimming\/produto\/touca-natacao-adelaide-club-2\/","title":{"rendered":"Touca Nata\u00e7\u00e3o Adelaide Club"},"content":{"rendered":"<p>Touca para nata\u00e7\u00e3o em piscina ou \u00e1guas abertas. Tenha maior conforto quando estiver na \u00e1gua.<\/p>\n<ul>\n<li>Material:\u00a0 Silicone<\/li>\n<li>Tamanho: \u00fanico<\/li>\n<\/ul>\n","protected":false},"excerpt":{"rendered":"<p>Touca para nata\u00e7\u00e3o em piscina ou \u00e1guas abertas. Tenha maior conforto quando estiver na \u00e1gua.<\/p>\n<ul>\n<li>Material:\u00a0 Silicone<\/li>\n<li>Tamanho: \u00fanico<\/li>\n<\/ul>\n","protected":false},"featured_media":1094,"comment_status":"open","ping_status":"closed","template":"","meta":{"inline_featured_image":false},"product_brand":[],"product_cat":[38],"product_tag":[],"class_list":{"0":"post-1099","1":"product","2":"type-product","3":"status-publish","4":"has-post-thumbnail","6":"product_cat-produtos-loja","8":"first","9":"instock","10":"taxable","11":"shipping-taxable","12":"purchasable","13":"product-type-variable"},"_links":{"self":[{"href":"https:\/\/ljspot.com.br\/swimming\/wp-json\/wp\/v2\/product\/1099","targetHints":{"allow":["GET"]}}],"collection":[{"href":"https:\/\/ljspot.com.br\/swimming\/wp-json\/wp\/v2\/product"}],"about":[{"href":"https:\/\/ljspot.com.br\/swimming\/wp-json\/wp\/v2\/types\/product"}],"replies":[{"embeddable":true,"href":"https:\/\/ljspot.com.br\/swimming\/wp-json\/wp\/v2\/comments?post=1099"}],"wp:featuredmedia":[{"embeddable":true,"href":"https:\/\/ljspot.com.br\/swimming\/wp-json\/wp\/v2\/media\/1094"}],"wp:attachment":[{"href":"https:\/\/ljspot.com.br\/swimming\/wp-json\/wp\/v2\/media?parent=1099"}],"wp:term":[{"taxonomy":"product_brand","embeddable":true,"href":"https:\/\/ljspot.com.br\/swimming\/wp-json\/wp\/v2\/product_brand?post=1099"},{"taxonomy":"product_cat","embeddable":true,"href":"https:\/\/ljspot.com.br\/swimming\/wp-json\/wp\/v2\/product_cat?post=1099"},{"taxonomy":"product_tag","embeddable":true,"href":"https:\/\/ljspot.com.br\/swimming\/wp-json\/wp\/v2\/product_tag?post=1099"}],"curies":[{"name":"wp","href":"https:\/\/api.w.org\/{rel}","templated":true}]}}