{"id":1113,"date":"2025-10-11T16:24:53","date_gmt":"2025-10-11T19:24:53","guid":{"rendered":"https:\/\/ljspot.com.br\/swimming\/?post_type=product&#038;p=1113"},"modified":"2025-10-11T16:24:53","modified_gmt":"2025-10-11T19:24:53","slug":"oculos-natacao-adelaide-club","status":"publish","type":"product","link":"https:\/\/ljspot.com.br\/swimming\/produto\/oculos-natacao-adelaide-club\/","title":{"rendered":"\u00d3culos Nata\u00e7\u00e3o Adelaide Club"},"content":{"rendered":"<p>\u00d3culos profissional para treino em piscina.<\/p>\n<ul>\n<li>Tamanho \u00fanico<\/li>\n<li>Cor \u00danica<\/li>\n<li>Material confort\u00e1vel<\/li>\n<\/ul>\n","protected":false},"excerpt":{"rendered":"<p>\u00d3culos profissional para treino em piscina.<\/p>\n<ul>\n<li>Tamanho \u00fanico<\/li>\n<li>Cor \u00danica<\/li>\n<li>Material confort\u00e1vel&#8230;<\/li>\n<\/ul>\n","protected":false},"featured_media":1114,"comment_status":"open","ping_status":"closed","template":"","meta":{"inline_featured_image":false},"product_brand":[],"product_cat":[38],"product_tag":[],"class_list":{"0":"post-1113","1":"product","2":"type-product","3":"status-publish","4":"has-post-thumbnail","6":"product_cat-produtos-loja","8":"first","9":"instock","10":"taxable","11":"shipping-taxable","12":"purchasable","13":"product-type-simple"},"_links":{"self":[{"href":"https:\/\/ljspot.com.br\/swimming\/wp-json\/wp\/v2\/product\/1113","targetHints":{"allow":["GET"]}}],"collection":[{"href":"https:\/\/ljspot.com.br\/swimming\/wp-json\/wp\/v2\/product"}],"about":[{"href":"https:\/\/ljspot.com.br\/swimming\/wp-json\/wp\/v2\/types\/product"}],"replies":[{"embeddable":true,"href":"https:\/\/ljspot.com.br\/swimming\/wp-json\/wp\/v2\/comments?post=1113"}],"wp:featuredmedia":[{"embeddable":true,"href":"https:\/\/ljspot.com.br\/swimming\/wp-json\/wp\/v2\/media\/1114"}],"wp:attachment":[{"href":"https:\/\/ljspot.com.br\/swimming\/wp-json\/wp\/v2\/media?parent=1113"}],"wp:term":[{"taxonomy":"product_brand","embeddable":true,"href":"https:\/\/ljspot.com.br\/swimming\/wp-json\/wp\/v2\/product_brand?post=1113"},{"taxonomy":"product_cat","embeddable":true,"href":"https:\/\/ljspot.com.br\/swimming\/wp-json\/wp\/v2\/product_cat?post=1113"},{"taxonomy":"product_tag","embeddable":true,"href":"https:\/\/ljspot.com.br\/swimming\/wp-json\/wp\/v2\/product_tag?post=1113"}],"curies":[{"name":"wp","href":"https:\/\/api.w.org\/{rel}","templated":true}]}}